{"id":30,"date":"2024-02-17T13:30:11","date_gmt":"2024-02-17T13:30:11","guid":{"rendered":"https:\/\/www.hannikainen.net\/lonnroots\/?page_id=30"},"modified":"2024-02-27T11:29:11","modified_gmt":"2024-02-27T11:29:11","slug":"setos-2015","status":"publish","type":"page","link":"https:\/\/www.hannikainen.net\/lonnroots\/setos-2015\/","title":{"rendered":"Setos (2015)"},"content":{"rendered":"\n<p><strong>Who<\/strong><\/p>\n\n\n\n<p>Setos are an ethnic and linguistic minority residing mostly in south-eastern Estonia and North-Western Russia. It&#8217;s a bit unclear, when and where have Setos come from: the first official document mentioning Setos is from 19th century. According to the most common theory the Setos are offsprings of ancient Baltic Finns. On the other hand one theory claims Setos to be slavic. The latter theory is not as widely spread and acknowledged as the first one. Go figure.<\/p>\n\n\n\n<p><strong>Where?<\/strong><\/p>\n\n\n<div class=\"wp-block-image\">\n<figure class=\"alignright size-large is-resized\"><a href=\"https:\/\/fi.wikipedia.org\/wiki\/Setukaiset#\/media\/File:Voromkaart.jpg\"><img decoding=\"async\" src=\"https:\/\/upload.wikimedia.org\/wikipedia\/commons\/4\/4b\/Voromkaart.jpg\" alt=\"\" style=\"width:325px;height:auto\"\/><\/a><figcaption class=\"wp-element-caption\">Source image: Wikimedia Commons<\/figcaption><\/figure><\/div>\n\n\n<p>As you can see from the map, Setomaa is divided by two nations: Estonia and Russia.<\/p>\n\n\n\n<p><strong>Why&#8217;s that?<\/strong><\/p>\n\n\n\n<p>Estonia gained independence in 1918. The 1920 Tartu Peace treaty declared that green area (seen on the map) belonging entirely to independent Estonia. However, 24 years later Estonia was under Soviet rule, and the borderline between socialist republics were drawn once again. Soviet Union collapsed in 1991, and Estonia &#8211; once again &#8211; regained its independence, but the Soviet-drawn border remained, leaving Setos in between two nations.<\/p>\n\n\n\n<p><strong>Population<\/strong><\/p>\n\n\n\n<p>Est. 10 000 &#8211; 20 000 Setos altogether, including those who live in Setomaa, and those who don&#8217;t. In Setomaa itself the Seto population is around 3000 &#8211; 6000 people. Despite Setomaa&#8217;s vast land area in Russia, the Seto population there is tiny: just barely reaching over 200 heads. Setos are mainly orthodox, unlike vast majority of Estonians (lutherans).<\/p>\n\n\n\n<p><strong>Language<\/strong><\/p>\n\n\n\n<p>Modern standard Estonian has evolved on the basis of North Estonian. South Estonian dialects differ from standard Estonian (see examples below). Seto language, located in South Estonia, is furthest from the standard written Estonian. Some of standard Estonian speakers might have difficulties understanding Seto. (Yes, it&#8217;s that different.)<\/p>\n\n\n\n<p>Seto is considered to be a dialect of the South Estonian V\u00f5ro language. The difference between V\u00f5ro and Seto is very tiny, but Setos consider Seto language to be a separate one. There are estimated 70 000 native V\u00f5ro speakers, though only 5000 people who speak Seto as their first language.<\/p>\n\n\n\n<p><em>All human beings are born free and equal in dignity and rights. They are endowed with reason and conscience and should act towards one another in a spirit of brotherhood.<\/em><\/p>\n\n\n\n<p><strong>Estonian<\/strong>: <em>K\u00f5ik inimesed s\u00fcnnivad vabadena ja v\u00f5rdsetena oma v\u00e4\u00e4rikuselt ja \u00f5igustelt. Neile on antud m\u00f5istus ja s\u00fcdametunnistus ja nende suhtumist \u00fcksteisesse peab kandma vendluse vaim.<\/em><\/p>\n\n\n\n<p><strong>V\u00f5ro<\/strong>: <em>K\u00f5ik inemiseq s\u00fcnn\u00fcseq avvo ja \u00f5iguisi pool\u00f5st \u00fctesugumaidsis. N\u00e4ile om ann\u00f5t mudsu ja s\u00fc\u00e4metunnistus ja n\u00e4 pi\u00e4t \u00fctst\u00f5\u00f5s\u00f5ga vele muudu l\u00e4bi k\u00e4\u00fcm\u00e4.<\/em><\/p>\n\n\n\n<p><strong>Seto<\/strong>: <em>K\u00f5ik inemiseq s\u00fcnn\u00fcseq avvo ja \u00f5iguisi pool\u00f5st \u00fctesugumaidsist. N\u00e4ile om ann\u00f5t mudsu ja s\u00fc\u00e4metun&#8217;stus ja n\u00e4 pi\u00e4t \u00fctst\u00f5\u00f5s\u00f5ga vele muudu l\u00e4bi kjauma.<\/em><\/p>\n\n\n\n<p><strong>Leelo &#8211; the singing tradition<\/strong><\/p>\n\n\n\n<p>The Seto Leelo, polyphonic singing tradition plays a huge part in Seto identity. In 2009 the Seto Leelo was added to the UNESCO list of world cultural heritage.<\/p>\n\n\n\n<p><strong>Setomaa and Setos today?<\/strong><\/p>\n\n\n\n<p>In 2015 Finno-Ugric capital of culture was Obinitsa village in Setomaa. This meant both Setomaa and Setos were in spotlight and widely seen in the media. L\u00f6nnroots marched straight to that spotlight and straight to those huge events set in Setomaa, but tried to see behind the curtain to get answers to following mind-boggling questions: what&#8217;s the deal with Setomaa and Seto people? How do Setos see their future? Is Seto language severely endangered? What are the challenges of Setomaa? How many schools and kids are left to carry on with the Seto language?<\/p>\n","protected":false},"excerpt":{"rendered":"<p>Who Setos are an ethnic and linguistic minority residing mostly in south-eastern Estonia and North-Western Russia. It&#8217;s a bit unclear, when and where have Setos come from: the first official document mentioning Setos is from 19th century. According to the most common theory the Setos are offsprings of ancient Baltic Finns. On the other hand [&hellip;]<\/p>\n","protected":false},"author":1,"featured_media":0,"parent":0,"menu_order":0,"comment_status":"closed","ping_status":"closed","template":"","meta":{"footnotes":""},"class_list":["post-30","page","type-page","status-publish","czr-hentry"],"_links":{"self":[{"href":"https:\/\/www.hannikainen.net\/lonnroots\/wp-json\/wp\/v2\/pages\/30","targetHints":{"allow":["GET"]}}],"collection":[{"href":"https:\/\/www.hannikainen.net\/lonnroots\/wp-json\/wp\/v2\/pages"}],"about":[{"href":"https:\/\/www.hannikainen.net\/lonnroots\/wp-json\/wp\/v2\/types\/page"}],"author":[{"embeddable":true,"href":"https:\/\/www.hannikainen.net\/lonnroots\/wp-json\/wp\/v2\/users\/1"}],"replies":[{"embeddable":true,"href":"https:\/\/www.hannikainen.net\/lonnroots\/wp-json\/wp\/v2\/comments?post=30"}],"version-history":[{"count":3,"href":"https:\/\/www.hannikainen.net\/lonnroots\/wp-json\/wp\/v2\/pages\/30\/revisions"}],"predecessor-version":[{"id":433,"href":"https:\/\/www.hannikainen.net\/lonnroots\/wp-json\/wp\/v2\/pages\/30\/revisions\/433"}],"wp:attachment":[{"href":"https:\/\/www.hannikainen.net\/lonnroots\/wp-json\/wp\/v2\/media?parent=30"}],"curies":[{"name":"wp","href":"https:\/\/api.w.org\/{rel}","templated":true}]}}