{"id":17,"date":"2024-02-17T13:20:41","date_gmt":"2024-02-17T13:20:41","guid":{"rendered":"https:\/\/www.hannikainen.net\/lonnroots\/?page_id=17"},"modified":"2024-02-27T11:24:07","modified_gmt":"2024-02-27T11:24:07","slug":"dokkarit","status":"publish","type":"page","link":"https:\/\/www.hannikainen.net\/lonnroots\/dokkarit\/","title":{"rendered":"Dokkarit\/Documentaries"},"content":{"rendered":"\n<p>Molemmat julkaistut dokkarit katsottavissa! \/\/ Both documentaries available to stream! With English subs, too!<\/p>\n\n\n\n<h3 class=\"wp-block-heading\"><strong>KV\u00c4\u00c4NI\/KVEN (2019)<\/strong><\/h3>\n\n\n\n<figure class=\"wp-block-embed is-type-rich is-provider-upotuksen-k-sittelij wp-block-embed-upotuksen-k-sittelij wp-embed-aspect-16-9 wp-has-aspect-ratio\"><div class=\"wp-block-embed__wrapper\">\n<iframe loading=\"lazy\" title=\"L\u00f6nnroots: Kv\u00e4\u00e4ni\/Kven (documentary)\" width=\"1140\" height=\"641\" src=\"https:\/\/www.youtube.com\/embed\/z2zEvf5pJsM?feature=oembed\" frameborder=\"0\" allow=\"accelerometer; autoplay; clipboard-write; encrypted-media; gyroscope; picture-in-picture; web-share\" allowfullscreen><\/iframe>\n<\/div><\/figure>\n\n\n\n<h3 class=\"wp-block-heading\"><strong>SETO (2018)<\/strong><\/h3>\n\n\n\n<figure class=\"wp-block-embed is-type-rich is-provider-upotuksen-k-sittelij wp-block-embed-upotuksen-k-sittelij wp-embed-aspect-16-9 wp-has-aspect-ratio\"><div class=\"wp-block-embed__wrapper\">\n<iframe loading=\"lazy\" title=\"L\u00f6nnroots: Seto (documentary)\" width=\"1140\" height=\"641\" src=\"https:\/\/www.youtube.com\/embed\/cZDu74Hrb1k?feature=oembed\" frameborder=\"0\" allow=\"accelerometer; autoplay; clipboard-write; encrypted-media; gyroscope; picture-in-picture; web-share\" allowfullscreen><\/iframe>\n<\/div><\/figure>\n","protected":false},"excerpt":{"rendered":"<p>Molemmat julkaistut dokkarit katsottavissa! \/\/ Both documentaries available to stream! With English subs, too! KV\u00c4\u00c4NI\/KVEN (2019) SETO (2018)<\/p>\n","protected":false},"author":1,"featured_media":0,"parent":0,"menu_order":0,"comment_status":"closed","ping_status":"closed","template":"","meta":{"footnotes":""},"class_list":["post-17","page","type-page","status-publish","czr-hentry"],"_links":{"self":[{"href":"https:\/\/www.hannikainen.net\/lonnroots\/wp-json\/wp\/v2\/pages\/17","targetHints":{"allow":["GET"]}}],"collection":[{"href":"https:\/\/www.hannikainen.net\/lonnroots\/wp-json\/wp\/v2\/pages"}],"about":[{"href":"https:\/\/www.hannikainen.net\/lonnroots\/wp-json\/wp\/v2\/types\/page"}],"author":[{"embeddable":true,"href":"https:\/\/www.hannikainen.net\/lonnroots\/wp-json\/wp\/v2\/users\/1"}],"replies":[{"embeddable":true,"href":"https:\/\/www.hannikainen.net\/lonnroots\/wp-json\/wp\/v2\/comments?post=17"}],"version-history":[{"count":3,"href":"https:\/\/www.hannikainen.net\/lonnroots\/wp-json\/wp\/v2\/pages\/17\/revisions"}],"predecessor-version":[{"id":429,"href":"https:\/\/www.hannikainen.net\/lonnroots\/wp-json\/wp\/v2\/pages\/17\/revisions\/429"}],"wp:attachment":[{"href":"https:\/\/www.hannikainen.net\/lonnroots\/wp-json\/wp\/v2\/media?parent=17"}],"curies":[{"name":"wp","href":"https:\/\/api.w.org\/{rel}","templated":true}]}}